{"id":8,"date":"2024-06-19T02:38:01","date_gmt":"2024-06-19T02:38:01","guid":{"rendered":"https:\/\/focus360.marketingice.ca\/?page_id=8"},"modified":"2024-06-21T02:10:55","modified_gmt":"2024-06-21T02:10:55","slug":"accueil","status":"publish","type":"page","link":"https:\/\/focus360.marketingice.ca\/","title":{"rendered":"Accueil"},"content":{"rendered":"<section class=\"bde-section-8-100 bde-section\">\n              \n  \n  \n\t    \n      <div class=\"section-background-video\">\n              <video\n          autoplay\n          muted\n                                loop\n                          >\n        <source src=\"https:\/\/focus360.marketingice.ca\/wp-content\/uploads\/2024\/06\/360videoheader.mp4\" type=\"video\/mp4\" \/>\n      <\/video>\n      <\/div>\n\n\n  <div class=\"section-background-overlay\"><\/div>\n\n\n<div class=\"section-container\"><div class=\"bde-text-8-101 bde-text\">\nFocus 360 S\u00e9curit\u00e9\n<\/div><h1 class=\"bde-heading-8-102 bde-heading\">\nVotre partenaire de confiance en s\u00e9curit\u00e9\n<\/h1><div class=\"bde-text-8-103 bde-text\">\nChez Focus 360 S\u00e9curit\u00e9, nous sommes d\u00e9termin\u00e9s \u00e0 offrir des services de s\u00e9curit\u00e9 de premier ordre adapt\u00e9s \u00e0 vos besoins sp\u00e9cifiques. Que ce soit pour des chantiers de construction, des h\u00f4tels ou des \u00e9v\u00e9nements, notre \u00e9quipe d'agents de s\u00e9curit\u00e9 professionnels et hautement qualifi\u00e9s est l\u00e0 pour assurer votre tranquillit\u00e9 d'esprit.\n<\/div><div class=\"bde-div-8-104 bde-div\">\n  \n  \n\t\n\n\n\n<div class=\"bde-button-8-105 bde-button\">\n        \n    \n    \n    \n    \n            \n                    \n            \n            \n\n    \n    \n    \n    \n    \n    <a class=\"breakdance-link button-atom button-atom--primary bde-button__button\" href=\"https:\/\/focus360.marketingice.ca\/index.php\/contactez-nous\/\" target=\"_self\" data-type=\"url\"  >\n\n    \n        <span class=\"button-atom__text\">Contactez-nous<\/span>\n\n        \n        \n                <\/a>\n\n    \n\n\n<\/div><div class=\"bde-button-8-106 bde-button\">\n        \n    \n    \n    \n    \n            \n                    \n            \n            \n\n    \n    \n    \n    \n    \n    <a class=\"breakdance-link button-atom button-atom--secondary bde-button__button\" href=\"https:\/\/focus360.marketingice.ca\/index.php\/nos-services\/\" target=\"_self\" data-type=\"url\"  >\n\n    \n        <span class=\"button-atom__text\">En savoir plus<\/span>\n\n        \n        \n                <\/a>\n\n    \n\n\n<\/div>\n<\/div><\/div>\n<\/section><section class=\"bde-section-8-122 bde-section\">\n  \n  \n\t\n\n\n\n<div class=\"section-container\"><div class=\"bde-columns-8-123 bde-columns\"><div class=\"bde-column-8-124 bde-column\">\n  \n  \n\t\n\n\n\n<h3 class=\"bde-dual-heading-8-125 bde-dual-heading\">\n\n\n            <span data-style=\"secondary\" class=\"dual-heading--secondary  \">Notre mission<\/span>\n\n\n\n<\/h3><div class=\"bde-rich-text-8-126 bde-rich-text breakdance-rich-text-styles\">\n<p>Notre mission est de garantir la tranquillit\u00e9 d'esprit de nos clients en assurant une protection optimale de leurs biens, de leurs installations et de leurs personnes. Nous croyons fermement que la s\u00e9curit\u00e9 est une composante essentielle du succ\u00e8s de toute entreprise ou \u00e9v\u00e9nement, et nous mettons tout en \u0153uvre pour offrir des solutions de s\u00e9curit\u00e9 efficaces et personnalis\u00e9es.<\/p>\n<\/div>\n<\/div><div class=\"bde-column-8-128 bde-column\">\n  \n  \n\t\n\n\n\n<div class=\"bde-image-8-129 bde-image\">\n<figure class=\"breakdance-image breakdance-image--62\">\n\t<div class=\"breakdance-image-container\">\n\t\t<div class=\"breakdance-image-clip\"><div class=\"breakdance-image__mask\"><img loading=\"lazy\" decoding=\"async\" class=\"breakdance-image-object\" src=\"https:\/\/focus360.marketingice.ca\/wp-content\/uploads\/2024\/06\/portrait-security-and-man-with-smile-in-control-r-2023-11-27-05-25-31-utc-scaled.jpg\" width=\"2560\" height=\"1782\" srcset=\"https:\/\/focus360.marketingice.ca\/wp-content\/uploads\/2024\/06\/portrait-security-and-man-with-smile-in-control-r-2023-11-27-05-25-31-utc-scaled.jpg 2560w, https:\/\/focus360.marketingice.ca\/wp-content\/uploads\/2024\/06\/portrait-security-and-man-with-smile-in-control-r-2023-11-27-05-25-31-utc-300x209.jpg 300w, https:\/\/focus360.marketingice.ca\/wp-content\/uploads\/2024\/06\/portrait-security-and-man-with-smile-in-control-r-2023-11-27-05-25-31-utc-1024x713.jpg 1024w, https:\/\/focus360.marketingice.ca\/wp-content\/uploads\/2024\/06\/portrait-security-and-man-with-smile-in-control-r-2023-11-27-05-25-31-utc-768x535.jpg 768w, https:\/\/focus360.marketingice.ca\/wp-content\/uploads\/2024\/06\/portrait-security-and-man-with-smile-in-control-r-2023-11-27-05-25-31-utc-1536x1069.jpg 1536w, https:\/\/focus360.marketingice.ca\/wp-content\/uploads\/2024\/06\/portrait-security-and-man-with-smile-in-control-r-2023-11-27-05-25-31-utc-2048x1425.jpg 2048w\" sizes=\"(max-width: 2560px) 100vw, 2560px\"><\/div><\/div>\n\t<\/div><\/figure>\n\n<\/div>\n<\/div><\/div><\/div>\n<\/section><section class=\"bde-section-8-182 bde-section\">\n  \n  \n\t\n\n\n\n<div class=\"section-container\"><div class=\"bde-div-8-183 bde-div\">\n  \n  \n\t\n\n\n\n<div class=\"bde-image-8-184 bde-image\">\n<figure class=\"breakdance-image breakdance-image--67\">\n\t<div class=\"breakdance-image-container\">\n\t\t<div class=\"breakdance-image-clip\"><div class=\"breakdance-image__mask\"><img loading=\"lazy\" decoding=\"async\" class=\"breakdance-image-object\" src=\"https:\/\/focus360.marketingice.ca\/wp-content\/uploads\/2024\/06\/construction-site-in-dubai-2023-11-27-05-00-47-utc-scaled.jpg\" width=\"2560\" height=\"1440\" srcset=\"https:\/\/focus360.marketingice.ca\/wp-content\/uploads\/2024\/06\/construction-site-in-dubai-2023-11-27-05-00-47-utc-scaled.jpg 2560w, https:\/\/focus360.marketingice.ca\/wp-content\/uploads\/2024\/06\/construction-site-in-dubai-2023-11-27-05-00-47-utc-300x169.jpg 300w, https:\/\/focus360.marketingice.ca\/wp-content\/uploads\/2024\/06\/construction-site-in-dubai-2023-11-27-05-00-47-utc-1024x576.jpg 1024w, https:\/\/focus360.marketingice.ca\/wp-content\/uploads\/2024\/06\/construction-site-in-dubai-2023-11-27-05-00-47-utc-768x432.jpg 768w, https:\/\/focus360.marketingice.ca\/wp-content\/uploads\/2024\/06\/construction-site-in-dubai-2023-11-27-05-00-47-utc-1536x864.jpg 1536w, https:\/\/focus360.marketingice.ca\/wp-content\/uploads\/2024\/06\/construction-site-in-dubai-2023-11-27-05-00-47-utc-2048x1152.jpg 2048w\" sizes=\"(max-width: 2560px) 100vw, 2560px\"><\/div><\/div>\n\t<\/div><\/figure>\n\n<\/div><div class=\"bde-div-8-185 bde-div\">\n  \n  \n\t\n\n\n\n<h4 class=\"bde-heading-8-186 bde-heading\">\nS\u00e9curit\u00e9 pour les chantiers de construction\n<\/h4><div class=\"bde-text-8-187 bde-text\">\nNous offrons des services de s\u00e9curit\u00e9 sp\u00e9cialis\u00e9s pour garantir la protection de vos \u00e9quipements, mat\u00e9riaux et personnels.\n<\/div>\n<\/div>\n<\/div><div class=\"bde-div-8-188 bde-div\">\n  \n  \n\t\n\n\n\n<div class=\"bde-image-8-189 bde-image\">\n<figure class=\"breakdance-image breakdance-image--68\">\n\t<div class=\"breakdance-image-container\">\n\t\t<div class=\"breakdance-image-clip\"><div class=\"breakdance-image__mask\"><img loading=\"lazy\" decoding=\"async\" class=\"breakdance-image-object\" src=\"https:\/\/focus360.marketingice.ca\/wp-content\/uploads\/2024\/06\/doorman-opening-door-for-guest-2023-11-27-05-31-00-utc-scaled.jpg\" width=\"2560\" height=\"1707\" srcset=\"https:\/\/focus360.marketingice.ca\/wp-content\/uploads\/2024\/06\/doorman-opening-door-for-guest-2023-11-27-05-31-00-utc-scaled.jpg 2560w, https:\/\/focus360.marketingice.ca\/wp-content\/uploads\/2024\/06\/doorman-opening-door-for-guest-2023-11-27-05-31-00-utc-300x200.jpg 300w, https:\/\/focus360.marketingice.ca\/wp-content\/uploads\/2024\/06\/doorman-opening-door-for-guest-2023-11-27-05-31-00-utc-1024x683.jpg 1024w, https:\/\/focus360.marketingice.ca\/wp-content\/uploads\/2024\/06\/doorman-opening-door-for-guest-2023-11-27-05-31-00-utc-768x512.jpg 768w, https:\/\/focus360.marketingice.ca\/wp-content\/uploads\/2024\/06\/doorman-opening-door-for-guest-2023-11-27-05-31-00-utc-1536x1024.jpg 1536w, https:\/\/focus360.marketingice.ca\/wp-content\/uploads\/2024\/06\/doorman-opening-door-for-guest-2023-11-27-05-31-00-utc-2048x1365.jpg 2048w\" sizes=\"(max-width: 2560px) 100vw, 2560px\"><\/div><\/div>\n\t<\/div><\/figure>\n\n<\/div><div class=\"bde-div-8-190 bde-div\">\n  \n  \n\t\n\n\n\n<h4 class=\"bde-heading-8-191 bde-heading\">\nS\u00e9curit\u00e9 h\u00f4teli\u00e8re\n<\/h4><div class=\"bde-text-8-192 bde-text\">\nFocus 360 S\u00e9curit\u00e9 propose des services de s\u00e9curit\u00e9 sur mesure pour les h\u00f4tels, visant \u00e0 cr\u00e9er un environnement s\u00e9curis\u00e9 et accueillant pour vos clients et votre personnel\n<\/div>\n<\/div>\n<\/div><div class=\"bde-div-8-193 bde-div\">\n  \n  \n\t\n\n\n\n<div class=\"bde-image-8-194 bde-image\">\n<figure class=\"breakdance-image breakdance-image--66\">\n\t<div class=\"breakdance-image-container\">\n\t\t<div class=\"breakdance-image-clip\"><div class=\"breakdance-image__mask\"><img loading=\"lazy\" decoding=\"async\" class=\"breakdance-image-object\" src=\"https:\/\/focus360.marketingice.ca\/wp-content\/uploads\/2024\/06\/stress-frustration-and-people-at-a-call-center-wi-2023-11-27-04-50-57-utc-scaled.jpg\" width=\"2560\" height=\"1708\" srcset=\"https:\/\/focus360.marketingice.ca\/wp-content\/uploads\/2024\/06\/stress-frustration-and-people-at-a-call-center-wi-2023-11-27-04-50-57-utc-scaled.jpg 2560w, https:\/\/focus360.marketingice.ca\/wp-content\/uploads\/2024\/06\/stress-frustration-and-people-at-a-call-center-wi-2023-11-27-04-50-57-utc-300x200.jpg 300w, https:\/\/focus360.marketingice.ca\/wp-content\/uploads\/2024\/06\/stress-frustration-and-people-at-a-call-center-wi-2023-11-27-04-50-57-utc-1024x683.jpg 1024w, https:\/\/focus360.marketingice.ca\/wp-content\/uploads\/2024\/06\/stress-frustration-and-people-at-a-call-center-wi-2023-11-27-04-50-57-utc-768x512.jpg 768w, https:\/\/focus360.marketingice.ca\/wp-content\/uploads\/2024\/06\/stress-frustration-and-people-at-a-call-center-wi-2023-11-27-04-50-57-utc-1536x1025.jpg 1536w, https:\/\/focus360.marketingice.ca\/wp-content\/uploads\/2024\/06\/stress-frustration-and-people-at-a-call-center-wi-2023-11-27-04-50-57-utc-2048x1366.jpg 2048w\" sizes=\"(max-width: 2560px) 100vw, 2560px\"><\/div><\/div>\n\t<\/div><\/figure>\n\n<\/div><div class=\"bde-div-8-195 bde-div\">\n  \n  \n\t\n\n\n\n<h4 class=\"bde-heading-8-196 bde-heading\">\nConflit de travail\n<\/h4><div class=\"bde-text-8-197 bde-text\">\nNos agents sont sp\u00e9cialement form\u00e9s pour intervenir de mani\u00e8re \u00e0 \u00e9viter d'envenimer les situations, tout en respectant toutes les parties impliqu\u00e9es.\n<\/div>\n<\/div>\n<\/div><\/div>\n<\/section><section class=\"bde-section-8-198 bde-section\">\n              \n  \n  \n\t\n\n  <div class=\"section-background-overlay\"><\/div>\n\n\n<div class=\"section-container\"><div class=\"bde-columns-8-199 bde-columns\"><div class=\"bde-column-8-200 bde-column\">\n  \n  \n\t\n\n\n\n<h2 class=\"bde-heading-8-201 bde-heading\">\nContactez-nous\n<\/h2><div class=\"bde-text-8-202 bde-text\">\nVous avez des questions sur nos services de s\u00e9curit\u00e9 ? Nous sommes l\u00e0 pour y r\u00e9pondre.\n<\/div><div class=\"bde-form-builder-8-203 bde-form-builder\">\n\n<form id=\"contact-form203\" class=\"breakdance-form breakdance-form--vertical\" data-options=\"{&quot;slug&quot;:&quot;custom&quot;,&quot;name&quot;:&quot;Contact Form&quot;,&quot;ajaxUrl&quot;:&quot;https:\\\/\\\/focus360.marketingice.ca\\\/wp-admin\\\/admin-ajax.php&quot;,&quot;clearOnSuccess&quot;:true,&quot;hideOnSuccess&quot;:false,&quot;successMessage&quot;:&quot;Votre message \\u00e0 bien \\u00e9t\\u00e9 re\\u00e7u!&quot;,&quot;errorMessage&quot;:&quot;Erreur!&quot;,&quot;redirect&quot;:false,&quot;redirectUrl&quot;:&quot;&quot;,&quot;customJavaScript&quot;:&quot;&quot;,&quot;recaptcha&quot;:{&quot;key&quot;:&quot;&quot;,&quot;enabled&quot;:false},&quot;honeypot_enabled&quot;:false,&quot;popupsOnSuccess&quot;:[],&quot;popupsOnError&quot;:[]}\" data-steps=\"0\" >\n  \n  \n  \n<div class=\"breakdance-form-field breakdance-form-field--text\" >\n    \n    \n            <label class=\"breakdance-form-field__label\" for=\"name\">\n            Nom<span class=\"breakdance-form-field__required\">*<\/span>\n        <\/label>\n    \n    <input\n    class=\"breakdance-form-field__input\"\n    id=\"name\"\n    aria-describedby=\"name\"\n    type=\"text\"\n    name=\"fields[name]\"\n    placeholder=\"\"\n    value=\"\"\n                \n        \n        \n    required\n    \n    \n    \n    \n    \n>\n\n\n    \n    \n<\/div>\n\n\n<div class=\"breakdance-form-field breakdance-form-field--email\" >\n    \n    \n            <label class=\"breakdance-form-field__label\" for=\"email\">\n            Courriel<span class=\"breakdance-form-field__required\">*<\/span>\n        <\/label>\n    \n    <input\n    class=\"breakdance-form-field__input\"\n    id=\"email\"\n    aria-describedby=\"email\"\n    type=\"email\"\n    name=\"fields[email]\"\n    placeholder=\"\"\n    value=\"\"\n                \n        \n        \n    required\n    \n    \n    \n    \n    \n>\n\n\n    \n    \n<\/div>\n\n\n<div class=\"breakdance-form-field breakdance-form-field--textarea\" >\n    \n    \n            <label class=\"breakdance-form-field__label\" for=\"message\">\n            Message<span class=\"breakdance-form-field__required\">*<\/span>\n        <\/label>\n    \n    <textarea\n    class=\"breakdance-form-field__input\"\n    id=\"message\"\n    aria-describedby=\"message\"\n    type=\"textarea\"\n    name=\"fields[message]\"\n        placeholder=\"\"\n    required\n    \n    \n    >\n<\/textarea>\n\n\n    \n    \n<\/div><div class=\"breakdance-form-field breakdance-form-footer\">    \n    \n    \n    \n    \n            \n            <button type=\"submit\" class=\"button-atom button-atom--primary breakdance-form-button breakdance-form-button__submit\"  >\n    \n        <span class=\"button-atom__text\">Envoyer<\/span>\n\n        \n        \n            <\/button>\n    \n    <input type=\"hidden\" name=\"form_id\" value=\"203\">\n    <input type=\"hidden\" name=\"post_id\" value=\"8\">\n<\/div>\n\n  \n<\/form>\n\n\n<\/div>\n<\/div><div class=\"bde-column-8-204 bde-column\">\n  \n  \n\t\n\n\n\n<div class=\"bde-icon-8-205 bde-icon\">\n\n    \n            <div class=\"bde-icon-icon breakdance-icon-atom\" >\n    \n                    <svg xmlns=\"http:\/\/www.w3.org\/2000\/svg\" width=\"24\" height=\"24\" viewBox=\"0 0 24 24\" fill=\"none\">\n<g clip-path=\"url(#clip0_626_2)\">\n<path fill-rule=\"evenodd\" clip-rule=\"evenodd\" d=\"M8.26016 1.289L6.69616 2.061C0.903156 5.081 9.49416 23.005 16.0062 23.005C16.4662 23.005 16.9102 22.911 17.3232 22.721L18.8652 21.966L15.9672 16.372L14.4272 17.126C14.2462 17.213 14.0432 17.26 13.8302 17.26C11.2692 17.26 6.98916 9.056 9.58916 7.664L11.1352 6.901L8.26016 1.289V1.289ZM16.0062 24C10.3262 24 3.78516 12.886 3.78516 6.168C3.78516 3.749 4.61816 2.022 6.24216 1.176L8.62416 0L12.4812 7.347L10.0442 8.548C8.60516 9.32 12.4532 16.972 14.0002 16.228L16.3992 15.049L20.2152 22.409C20.2152 22.409 17.8552 23.571 17.7392 23.624C17.1922 23.875 16.6102 24 16.0062 24\"\/>\n<\/g>\n<defs>\n<clipPath id=\"clip0_626_2\">\n<rect width=\"24\" height=\"24\" fill=\"white\"\/>\n<\/clipPath>\n<\/defs>\n<\/svg>\n        \n        \n        \n            <\/div>\n    \n\n\n<\/div><h3 class=\"bde-heading-8-206 bde-heading\">\nT\u00e9l\u00e9phone\n<\/h3><div class=\"bde-text-8-207 bde-text\">\n514-559-4646\n<\/div><div class=\"bde-icon-8-208 bde-icon\">\n\n    \n            <div class=\"bde-icon-icon breakdance-icon-atom\" >\n    \n                    <svg xmlns=\"http:\/\/www.w3.org\/2000\/svg\" width=\"24\" height=\"24\" viewBox=\"0 0 24 24\" fill-rule=\"evenodd\" clip-rule=\"evenodd\"><path d=\"M24 21h-24v-18h24v18zm-23-16.477v15.477h22v-15.477l-10.999 10-11.001-10zm21.089-.523h-20.176l10.088 9.171 10.088-9.171z\"\/><\/svg>\n        \n        \n        \n            <\/div>\n    \n\n\n<\/div><h3 class=\"bde-heading-8-209 bde-heading\">\nCourriel\n<\/h3><div class=\"bde-text-8-210 bde-text\">\ninfo@focus360securite.com\n<\/div><div class=\"bde-icon-8-211 bde-icon\">\n\n    \n            <div class=\"bde-icon-icon breakdance-icon-atom\" >\n    \n                    <svg xmlns=\"http:\/\/www.w3.org\/2000\/svg\" viewBox=\"0 0 288 512\"><!-- Font Awesome Free 5.15.1 by @fontawesome - https:\/\/fontawesome.com License - https:\/\/fontawesome.com\/license\/free (Icons: CC BY 4.0, Fonts: SIL OFL 1.1, Code: MIT License) --><path d=\"M112 316.94v156.69l22.02 33.02c4.75 7.12 15.22 7.12 19.97 0L176 473.63V316.94c-10.39 1.92-21.06 3.06-32 3.06s-21.61-1.14-32-3.06zM144 0C64.47 0 0 64.47 0 144s64.47 144 144 144 144-64.47 144-144S223.53 0 144 0zm0 76c-37.5 0-68 30.5-68 68 0 6.62-5.38 12-12 12s-12-5.38-12-12c0-50.73 41.28-92 92-92 6.62 0 12 5.38 12 12s-5.38 12-12 12z\"\/><\/svg>\n        \n        \n        \n            <\/div>\n    \n\n\n<\/div><h3 class=\"bde-heading-8-212 bde-heading\">\nAdresse\n<\/h3><div class=\"bde-text-8-213 bde-text\">\nMascouche, Qc, Canada\n<\/div>\n<\/div><\/div><\/div>\n<\/section>","protected":false},"excerpt":{"rendered":"<p>Focus 360 S\u00e9curit\u00e9 Votre partenaire de confiance en s\u00e9curit\u00e9 Chez Focus 360 S\u00e9curit\u00e9, nous sommes d\u00e9termin\u00e9s \u00e0 offrir des services de s\u00e9curit\u00e9 de premier ordre adapt\u00e9s \u00e0 vos besoins sp\u00e9cifiques. Que ce soit pour des chantiers de construction, des h\u00f4tels ou des \u00e9v\u00e9nements, notre \u00e9quipe d&rsquo;agents de s\u00e9curit\u00e9 professionnels et hautement qualifi\u00e9s est l\u00e0 pour [&hellip;]<\/p>\n","protected":false},"author":1,"featured_media":0,"parent":0,"menu_order":0,"comment_status":"closed","ping_status":"closed","template":"","meta":{"_breakdance_hide_in_design_set":false,"_breakdance_tags":"","footnotes":""},"_links":{"self":[{"href":"https:\/\/focus360.marketingice.ca\/index.php\/wp-json\/wp\/v2\/pages\/8"}],"collection":[{"href":"https:\/\/focus360.marketingice.ca\/index.php\/wp-json\/wp\/v2\/pages"}],"about":[{"href":"https:\/\/focus360.marketingice.ca\/index.php\/wp-json\/wp\/v2\/types\/page"}],"author":[{"embeddable":true,"href":"https:\/\/focus360.marketingice.ca\/index.php\/wp-json\/wp\/v2\/users\/1"}],"replies":[{"embeddable":true,"href":"https:\/\/focus360.marketingice.ca\/index.php\/wp-json\/wp\/v2\/comments?post=8"}],"version-history":[{"count":12,"href":"https:\/\/focus360.marketingice.ca\/index.php\/wp-json\/wp\/v2\/pages\/8\/revisions"}],"predecessor-version":[{"id":99,"href":"https:\/\/focus360.marketingice.ca\/index.php\/wp-json\/wp\/v2\/pages\/8\/revisions\/99"}],"wp:attachment":[{"href":"https:\/\/focus360.marketingice.ca\/index.php\/wp-json\/wp\/v2\/media?parent=8"}],"curies":[{"name":"wp","href":"https:\/\/api.w.org\/{rel}","templated":true}]}}